{"id":71530,"date":"2023-02-02T07:29:27","date_gmt":"2023-02-02T07:29:27","guid":{"rendered":"https:\/\/ouvragedelafalouse.com\/?page_id=71530"},"modified":"2023-02-13T10:05:09","modified_gmt":"2023-02-13T10:05:09","slug":"hohlen-von-la-falouse","status":"publish","type":"page","link":"https:\/\/ouvragedelafalouse.com\/de\/grottes-de-la-falouse\/","title":{"rendered":"Grottes de la Falouse"},"content":{"rendered":"<p>[et_pb_section fb_built=\u00a0\u00bb1&Prime; custom_padding_last_edited=\u00a0\u00bbon|phone\u00a0\u00bb _builder_version=\u00a0\u00bb4.19.5&Prime; _module_preset=\u00a0\u00bbdefault\u00a0\u00bb background_color=\u00a0\u00bb#141414&Prime; background_enable_image=\u00a0\u00bboff\u00a0\u00bb custom_margin_tablet=\u00a0\u00bb\u00a0\u00bb custom_margin_phone=\u00a0\u00bb0px||0px||false|false\u00a0\u00bb custom_margin_last_edited=\u00a0\u00bbon|phone\u00a0\u00bb custom_padding=\u00a0\u00bb||0px|||\u00a0\u00bb custom_padding_tablet=\u00a0\u00bb||0px|||\u00a0\u00bb custom_padding_phone=\u00a0\u00bb0px||||false|false\u00a0\u00bb global_colors_info=\u00a0\u00bb{}\u00a0\u00bb][et_pb_row _builder_version=\u00a0\u00bb4.19.5&Prime; _module_preset=\u00a0\u00bbdefault\u00a0\u00bb custom_margin=\u00a0\u00bb50px||||false|false\u00a0\u00bb custom_margin_tablet=\u00a0\u00bb50px||||false|false\u00a0\u00bb custom_margin_phone=\u00a0\u00bb0px||0px||false|false\u00a0\u00bb custom_margin_last_edited=\u00a0\u00bbon|phone\u00a0\u00bb global_colors_info=\u00a0\u00bb{}\u00a0\u00bb][et_pb_column type=\u00a0\u00bb4_4&Prime; _builder_version=\u00a0\u00bb4.19.5&Prime; _module_preset=\u00a0\u00bbdefault\u00a0\u00bb global_colors_info=\u00a0\u00bb{}\u00a0\u00bb][et_pb_text _builder_version=\u00a0\u00bb4.19.5&Prime; _module_preset=\u00a0\u00bbdefault\u00a0\u00bb text_font_size=\u00a0\u00bb15px\u00a0\u00bb header_font=\u00a0\u00bb|700||on|||||\u00a0\u00bb header_text_align=\u00a0\u00bbcenter\u00a0\u00bb header_text_color=\u00a0\u00bb#FFFFFF\u00a0\u00bb header_font_size=\u00a0\u00bb38px\u00a0\u00bb header_font_size_tablet=\u00a0\u00bb38px\u00a0\u00bb header_font_size_phone=\u00a0\u00bb25px\u00a0\u00bb header_font_size_last_edited=\u00a0\u00bbon|phone\u00a0\u00bb global_colors_info=\u00a0\u00bb{}\u00a0\u00bb]<\/p>\n<h1>Les Grottes de la Falouse<\/h1>\n<p>[\/et_pb_text][\/et_pb_column][\/et_pb_row][\/et_pb_section][et_pb_section fb_built=\u00a0\u00bb1&Prime; _builder_version=\u00a0\u00bb4.19.5&Prime; _module_preset=\u00a0\u00bbdefault\u00a0\u00bb background_color=\u00a0\u00bb#262626&Prime; bottom_divider_height=\u00a0\u00bb50px\u00a0\u00bb bottom_divider_flip=\u00a0\u00bbhorizontal\u00a0\u00bb global_colors_info=\u00a0\u00bb{}\u00a0\u00bb][et_pb_row _builder_version=\u00a0\u00bb4.19.5&Prime; _module_preset=\u00a0\u00bbdefault\u00a0\u00bb global_colors_info=\u00a0\u00bb{}\u00a0\u00bb][et_pb_column type=\u00a0\u00bb4_4&Prime; _builder_version=\u00a0\u00bb4.19.5&Prime; _module_preset=\u00a0\u00bbdefault\u00a0\u00bb global_colors_info=\u00a0\u00bb{}\u00a0\u00bb][et_pb_text _builder_version=\u00a0\u00bb4.19.5&Prime; _module_preset=\u00a0\u00bbdefault\u00a0\u00bb text_text_color=\u00a0\u00bb#FFFFFF\u00a0\u00bb text_font_size=\u00a0\u00bb16px\u00a0\u00bb global_colors_info=\u00a0\u00bb{}\u00a0\u00bb]<\/p>\n<p><span>Situ\u00e9e \u00e0 quelques m\u00e8tres de l&rsquo;ouvrage de la Falouse, le site des grottes de la Falouse est remarquable, des plus pittoresques et particuli\u00e8rement charg\u00e9 d\u2019histoire.<\/span><br \/><span>Ce nom, d\u00e9riv\u00e9 du mot falaise, d\u00e9signe une longue paroi calcaire \u2013 autrefois exploit\u00e9e en carri\u00e8res \u2013 dont le pied, \u00e0 l\u2019origine des temps, bordait la Meuse qui y a creus\u00e9 des grottes naturelles et o\u00f9 convergeaient des ruisseaux souterrains.<\/span><br \/><span>Cette paroi, parfois haute de 9 \u00e0 10 toises, pr\u00e9sente un \u00e9crin naturel \u00e0 une nature sauvage presque intacte. Cette alternance de roches et de for\u00eats pentues est parcourue en surplomb de la Meuse par un sentier tr\u00e8s ombrag\u00e9, bucolique \u00e0 souhait, qui ouvre une vue remarquable sur la Meuse et sa vall\u00e9e tout au long de son cheminement.<\/span><\/p>\n<p><span><\/span><\/p>\n<p><span>D\u00e9couvrez les grottes en image :<\/span><\/p>\n<p>[\/et_pb_text][et_pb_gallery gallery_ids=\u00a0\u00bb71533,71534,71535,71536,71537,71538,71539,71540,71541,71542,71543&Prime; posts_number=\u00a0\u00bb20&Prime; show_title_and_caption=\u00a0\u00bboff\u00a0\u00bb zoom_icon_color=\u00a0\u00bb#FFFFFF\u00a0\u00bb hover_overlay_color=\u00a0\u00bbrgba(10,10,10,0.47)\u00a0\u00bb hover_icon=\u00a0\u00bb&#x30;||divi||400&Prime; _builder_version=\u00a0\u00bb4.19.5&Prime; _module_preset=\u00a0\u00bbdefault\u00a0\u00bb global_colors_info=\u00a0\u00bb{}\u00a0\u00bb][\/et_pb_gallery][\/et_pb_column][\/et_pb_row][et_pb_row _builder_version=\u00a0\u00bb4.19.5&Prime; _module_preset=\u00a0\u00bbdefault\u00a0\u00bb][et_pb_column _builder_version=\u00a0\u00bb4.19.5&Prime; _module_preset=\u00a0\u00bbdefault\u00a0\u00bb type=\u00a0\u00bb4_4&Prime;][et_pb_button button_text=\u00a0\u00bbContact\u00a0\u00bb _builder_version=\u00a0\u00bb4.19.5&Prime; _module_preset=\u00a0\u00bbdefault\u00a0\u00bb button_url=\u00a0\u00bb@ET-DC@eyJkeW5hbWljIjp0cnVlLCJjb250ZW50IjoicG9zdF9saW5rX3VybF9wYWdlIiwic2V0dGluZ3MiOnsicG9zdF9pZCI6IjcxNDUzIn19@\u00a0\u00bb _dynamic_attributes=\u00a0\u00bbbutton_url\u00a0\u00bb hover_enabled=\u00a0\u00bb0&Prime; sticky_enabled=\u00a0\u00bb0&Prime; button_alignment=\u00a0\u00bbcenter\u00a0\u00bb][\/et_pb_button][\/et_pb_column][\/et_pb_row][\/et_pb_section]<\/p>\n","protected":false},"excerpt":{"rendered":"<p>Les Grottes de la FalouseSitu\u00e9e \u00e0 quelques m\u00e8tres de l&rsquo;ouvrage de la Falouse, le site des grottes de la Falouse est remarquable, des plus pittoresques et particuli\u00e8rement charg\u00e9 d\u2019histoire.Ce nom, d\u00e9riv\u00e9 du mot falaise, d\u00e9signe une longue paroi calcaire \u2013 autrefois exploit\u00e9e en carri\u00e8res \u2013 dont le pied, \u00e0 l\u2019origine des temps, bordait la Meuse qui y a creus\u00e9 des grottes naturelles et o\u00f9 convergeaient des ruisseaux souterrains.Cette paroi, parfois haute de 9 \u00e0 10 toises, pr\u00e9sente un \u00e9crin naturel \u00e0 une nature sauvage presque intacte. Cette alternance de roches et de for\u00eats pentues est parcourue en surplomb de la Meuse par un sentier tr\u00e8s ombrag\u00e9, bucolique \u00e0 souhait, qui ouvre une vue remarquable sur la Meuse et sa vall\u00e9e tout au long de son cheminement. D\u00e9couvrez les grottes en image :<\/p>","protected":false},"author":1,"featured_media":0,"parent":0,"menu_order":0,"comment_status":"closed","ping_status":"closed","template":"","meta":{"_et_pb_use_builder":"on","_et_pb_old_content":"","_et_gb_content_width":"","footnotes":""},"class_list":["post-71530","page","type-page","status-publish","hentry"],"_links":{"self":[{"href":"https:\/\/ouvragedelafalouse.com\/de\/wp-json\/wp\/v2\/pages\/71530","targetHints":{"allow":["GET"]}}],"collection":[{"href":"https:\/\/ouvragedelafalouse.com\/de\/wp-json\/wp\/v2\/pages"}],"about":[{"href":"https:\/\/ouvragedelafalouse.com\/de\/wp-json\/wp\/v2\/types\/page"}],"author":[{"embeddable":true,"href":"https:\/\/ouvragedelafalouse.com\/de\/wp-json\/wp\/v2\/users\/1"}],"replies":[{"embeddable":true,"href":"https:\/\/ouvragedelafalouse.com\/de\/wp-json\/wp\/v2\/comments?post=71530"}],"version-history":[{"count":3,"href":"https:\/\/ouvragedelafalouse.com\/de\/wp-json\/wp\/v2\/pages\/71530\/revisions"}],"predecessor-version":[{"id":71837,"href":"https:\/\/ouvragedelafalouse.com\/de\/wp-json\/wp\/v2\/pages\/71530\/revisions\/71837"}],"wp:attachment":[{"href":"https:\/\/ouvragedelafalouse.com\/de\/wp-json\/wp\/v2\/media?parent=71530"}],"curies":[{"name":"wp","href":"https:\/\/api.w.org\/{rel}","templated":true}]}}