{"id":71598,"date":"2023-02-02T08:08:08","date_gmt":"2023-02-02T08:08:08","guid":{"rendered":"https:\/\/ouvragedelafalouse.com\/?page_id=71598"},"modified":"2023-02-13T10:21:49","modified_gmt":"2023-02-13T10:21:49","slug":"necropole-de-bevaux","status":"publish","type":"page","link":"https:\/\/ouvragedelafalouse.com\/en\/necropole-de-bevaux\/","title":{"rendered":"N\u00e9cropole de B\u00e9vaux"},"content":{"rendered":"<p>[et_pb_section fb_built=\u00a0\u00bb1&Prime; custom_padding_last_edited=\u00a0\u00bbon|phone\u00a0\u00bb _builder_version=\u00a0\u00bb4.19.5&Prime; _module_preset=\u00a0\u00bbdefault\u00a0\u00bb background_color=\u00a0\u00bb#141414&Prime; background_enable_image=\u00a0\u00bboff\u00a0\u00bb custom_margin_tablet=\u00a0\u00bb\u00a0\u00bb custom_margin_phone=\u00a0\u00bb0px||0px||false|false\u00a0\u00bb custom_margin_last_edited=\u00a0\u00bbon|phone\u00a0\u00bb custom_padding=\u00a0\u00bb||0px|||\u00a0\u00bb custom_padding_tablet=\u00a0\u00bb||0px|||\u00a0\u00bb custom_padding_phone=\u00a0\u00bb0px||||false|false\u00a0\u00bb global_colors_info=\u00a0\u00bb{}\u00a0\u00bb][et_pb_row _builder_version=\u00a0\u00bb4.19.5&Prime; _module_preset=\u00a0\u00bbdefault\u00a0\u00bb custom_margin=\u00a0\u00bb50px||||false|false\u00a0\u00bb custom_margin_tablet=\u00a0\u00bb50px||||false|false\u00a0\u00bb custom_margin_phone=\u00a0\u00bb0px||0px||false|false\u00a0\u00bb custom_margin_last_edited=\u00a0\u00bbon|phone\u00a0\u00bb global_colors_info=\u00a0\u00bb{}\u00a0\u00bb][et_pb_column type=\u00a0\u00bb4_4&Prime; _builder_version=\u00a0\u00bb4.19.5&Prime; _module_preset=\u00a0\u00bbdefault\u00a0\u00bb global_colors_info=\u00a0\u00bb{}\u00a0\u00bb][et_pb_text _builder_version=\u00a0\u00bb4.19.5&Prime; _module_preset=\u00a0\u00bbdefault\u00a0\u00bb text_font_size=\u00a0\u00bb15px\u00a0\u00bb header_font=\u00a0\u00bb|700||on|||||\u00a0\u00bb header_text_align=\u00a0\u00bbcenter\u00a0\u00bb header_text_color=\u00a0\u00bb#FFFFFF\u00a0\u00bb header_font_size=\u00a0\u00bb38px\u00a0\u00bb header_font_size_tablet=\u00a0\u00bb38px\u00a0\u00bb header_font_size_phone=\u00a0\u00bb25px\u00a0\u00bb header_font_size_last_edited=\u00a0\u00bbon|phone\u00a0\u00bb global_colors_info=\u00a0\u00bb{}\u00a0\u00bb]<\/p>\n<h1>Passerelle de la Falouse<\/h1>\n<p>[\/et_pb_text][\/et_pb_column][\/et_pb_row][\/et_pb_section][et_pb_section fb_built=\u00a0\u00bb1&Prime; _builder_version=\u00a0\u00bb4.19.5&Prime; _module_preset=\u00a0\u00bbdefault\u00a0\u00bb background_color=\u00a0\u00bb#262626&Prime; bottom_divider_height=\u00a0\u00bb50px\u00a0\u00bb bottom_divider_flip=\u00a0\u00bbhorizontal\u00a0\u00bb global_colors_info=\u00a0\u00bb{}\u00a0\u00bb][et_pb_row _builder_version=\u00a0\u00bb4.19.5&Prime; _module_preset=\u00a0\u00bbdefault\u00a0\u00bb global_colors_info=\u00a0\u00bb{}\u00a0\u00bb][et_pb_column type=\u00a0\u00bb4_4&Prime; _builder_version=\u00a0\u00bb4.19.5&Prime; _module_preset=\u00a0\u00bbdefault\u00a0\u00bb global_colors_info=\u00a0\u00bb{}\u00a0\u00bb][et_pb_text _builder_version=\u00a0\u00bb4.19.5&Prime; _module_preset=\u00a0\u00bbdefault\u00a0\u00bb text_text_color=\u00a0\u00bb#FFFFFF\u00a0\u00bb text_font_size=\u00a0\u00bb16px\u00a0\u00bb header_2_font=\u00a0\u00bb|600|||||||\u00a0\u00bb header_2_text_color=\u00a0\u00bb#FFFFFF\u00a0\u00bb header_2_font_size=\u00a0\u00bb20px\u00a0\u00bb hover_enabled=\u00a0\u00bb0&Prime; global_colors_info=\u00a0\u00bb{}\u00a0\u00bb sticky_enabled=\u00a0\u00bb0&Prime;]<\/p>\n<p><span>La n\u00e9cropole nationale de B\u00e9vaux regroupe les d\u00e9pouilles de soldats morts pour la France lors de combats de la Grande Guerre.\u00a0<\/span><\/p>\n<p><span>Ce cimeti\u00e8re aurait du \u00eatre d\u00e9plac\u00e9 \u00e0 l&rsquo;ossuaire de Douaumont. Mais \u00e0 raison des familles endeuill\u00e9es, ce cimeti\u00e8re est finalement maintenu en 1924, puis r\u00e9am\u00e9nag\u00e9 en 1967.<\/span><\/p>\n<p><span>Cette n\u00e9cropole rassemble plus de 3500 corps de soldats fran\u00e7ais d\u00e9c\u00e9d\u00e9 entre 1914 et 1918 et 485 corps de soldats fran\u00e7ais d\u00e9c\u00e9d\u00e9s entre 1939 et 1945.\u00a0<\/span><\/p>\n<p><span><\/span><\/p>\n<h2><span>D\u00e9couvrez la n\u00e9cropole de B\u00e9vaux en image :<\/span><\/h2>\n<p>[\/et_pb_text][et_pb_gallery gallery_ids=\u00a0\u00bb71603,71604,71605,71606&Prime; posts_number=\u00a0\u00bb20&Prime; show_title_and_caption=\u00a0\u00bboff\u00a0\u00bb zoom_icon_color=\u00a0\u00bb#FFFFFF\u00a0\u00bb hover_overlay_color=\u00a0\u00bbrgba(10,10,10,0.47)\u00a0\u00bb hover_icon=\u00a0\u00bb&#x30;||divi||400&Prime; _builder_version=\u00a0\u00bb4.19.5&Prime; _module_preset=\u00a0\u00bbdefault\u00a0\u00bb hover_enabled=\u00a0\u00bb0&Prime; global_colors_info=\u00a0\u00bb{}\u00a0\u00bb sticky_enabled=\u00a0\u00bb0&Prime;][\/et_pb_gallery][et_pb_button button_url=\u00a0\u00bb@ET-DC@eyJkeW5hbWljIjp0cnVlLCJjb250ZW50IjoicG9zdF9saW5rX3VybF9wYWdlIiwic2V0dGluZ3MiOnsicG9zdF9pZCI6IjcxNDUzIn19@\u00a0\u00bb button_text=\u00a0\u00bbContact\u00a0\u00bb button_alignment=\u00a0\u00bbcenter\u00a0\u00bb _builder_version=\u00a0\u00bb4.19.5&Prime; _dynamic_attributes=\u00a0\u00bbbutton_url\u00a0\u00bb _module_preset=\u00a0\u00bbdefault\u00a0\u00bb global_colors_info=\u00a0\u00bb{}\u00a0\u00bb theme_builder_area=\u00a0\u00bbpost_content\u00a0\u00bb][\/et_pb_button][\/et_pb_column][\/et_pb_row][\/et_pb_section]<\/p>\n","protected":false},"excerpt":{"rendered":"<p>Passerelle de la FalouseLa n\u00e9cropole nationale de B\u00e9vaux regroupe les d\u00e9pouilles de soldats morts pour la France lors de combats de la Grande Guerre.\u00a0 Ce cimeti\u00e8re aurait du \u00eatre d\u00e9plac\u00e9 \u00e0 l&rsquo;ossuaire de Douaumont. Mais \u00e0 raison des familles endeuill\u00e9es, ce cimeti\u00e8re est finalement maintenu en 1924, puis r\u00e9am\u00e9nag\u00e9 en 1967. Cette n\u00e9cropole rassemble plus de 3500 corps de soldats fran\u00e7ais d\u00e9c\u00e9d\u00e9 entre 1914 et 1918 et 485 corps de soldats fran\u00e7ais d\u00e9c\u00e9d\u00e9s entre 1939 et 1945.\u00a0 D\u00e9couvrez la n\u00e9cropole de B\u00e9vaux en image :<\/p>","protected":false},"author":1,"featured_media":0,"parent":0,"menu_order":0,"comment_status":"closed","ping_status":"closed","template":"","meta":{"_et_pb_use_builder":"on","_et_pb_old_content":"","_et_gb_content_width":"","footnotes":""},"class_list":["post-71598","page","type-page","status-publish","hentry"],"_links":{"self":[{"href":"https:\/\/ouvragedelafalouse.com\/en\/wp-json\/wp\/v2\/pages\/71598","targetHints":{"allow":["GET"]}}],"collection":[{"href":"https:\/\/ouvragedelafalouse.com\/en\/wp-json\/wp\/v2\/pages"}],"about":[{"href":"https:\/\/ouvragedelafalouse.com\/en\/wp-json\/wp\/v2\/types\/page"}],"author":[{"embeddable":true,"href":"https:\/\/ouvragedelafalouse.com\/en\/wp-json\/wp\/v2\/users\/1"}],"replies":[{"embeddable":true,"href":"https:\/\/ouvragedelafalouse.com\/en\/wp-json\/wp\/v2\/comments?post=71598"}],"version-history":[{"count":3,"href":"https:\/\/ouvragedelafalouse.com\/en\/wp-json\/wp\/v2\/pages\/71598\/revisions"}],"predecessor-version":[{"id":71846,"href":"https:\/\/ouvragedelafalouse.com\/en\/wp-json\/wp\/v2\/pages\/71598\/revisions\/71846"}],"wp:attachment":[{"href":"https:\/\/ouvragedelafalouse.com\/en\/wp-json\/wp\/v2\/media?parent=71598"}],"curies":[{"name":"wp","href":"https:\/\/api.w.org\/{rel}","templated":true}]}}